{"id":40298,"date":"2016-07-01T13:04:30","date_gmt":"2016-07-01T05:04:30","guid":{"rendered":"http:\/\/sogodesignhk.com.hk\/en\/?page_id=40298"},"modified":"2016-10-10T11:09:11","modified_gmt":"2016-10-10T03:09:11","slug":"ourportfolio","status":"publish","type":"page","link":"https:\/\/sogodesignhk.com.hk\/en\/ourportfolio","title":{"rendered":"Portfolio"},"content":{"rendered":"<div class=\"child_pages child_pages-medium\">\n<div id=\"child_page-38013\" class=\"child_page\" style=\"width:33%;max-width:100%;\"><div class=\"child_page-container\"><div class=\"post_thumb\"><a href=\"https:\/\/sogodesignhk.com.hk\/en\/ourportfolio\/all-categories\"><img decoding=\"async\" src=\"https:\/\/sogodesignhk.com.hk\/wp-content\/uploads\/2016\/06\/slider03_sogo-300x104.jpg\" class=\"attachment-medium size-medium wp-post-image\" alt=\"\" srcset=\"https:\/\/sogodesignhk.com.hk\/wp-content\/uploads\/2016\/06\/slider03_sogo-300x104.jpg 300w, https:\/\/sogodesignhk.com.hk\/wp-content\/uploads\/2016\/06\/slider03_sogo-768x267.jpg 768w, https:\/\/sogodesignhk.com.hk\/wp-content\/uploads\/2016\/06\/slider03_sogo-1024x356.jpg 1024w, https:\/\/sogodesignhk.com.hk\/wp-content\/uploads\/2016\/06\/slider03_sogo.jpg 1440w\" sizes=\"(max-width: 300px) 100vw, 300px\" \/><\/a><\/div><div class=\"post_content\"><h4><a href=\"https:\/\/sogodesignhk.com.hk\/en\/ourportfolio\/all-categories\">All Categories<\/a><\/h4><div class=\"post_excerpt\"><\/div><\/div><!-- .post_content  --><\/div><!-- .child_page-container --><\/div><!-- #child_page-38013\" -->\n\n<div id=\"child_page-38001\" class=\"child_page\" style=\"width:33%;max-width:100%;\"><div class=\"child_page-container\"><div class=\"post_thumb\"><a href=\"https:\/\/sogodesignhk.com.hk\/en\/ourportfolio\/portfolio-categories2\"><img decoding=\"async\" src=\"https:\/\/sogodesignhk.com.hk\/wp-content\/uploads\/2015\/10\/shop-300x104.jpg\" class=\"attachment-medium size-medium wp-post-image\" alt=\"\" srcset=\"https:\/\/sogodesignhk.com.hk\/wp-content\/uploads\/2015\/10\/shop-300x104.jpg 300w, https:\/\/sogodesignhk.com.hk\/wp-content\/uploads\/2015\/10\/shop-768x267.jpg 768w, https:\/\/sogodesignhk.com.hk\/wp-content\/uploads\/2015\/10\/shop-1024x356.jpg 1024w, https:\/\/sogodesignhk.com.hk\/wp-content\/uploads\/2015\/10\/shop.jpg 1440w\" sizes=\"(max-width: 300px) 100vw, 300px\" \/><\/a><\/div><div class=\"post_content\"><h4><a href=\"https:\/\/sogodesignhk.com.hk\/en\/ourportfolio\/portfolio-categories2\">Speciality Store<\/a><\/h4><div class=\"post_excerpt\"><\/div><\/div><!-- .post_content  --><\/div><!-- .child_page-container --><\/div><!-- #child_page-38001\" -->\n\n<div id=\"child_page-42079\" class=\"child_page\" style=\"width:33%;max-width:100%;\"><div class=\"child_page-container\"><div class=\"post_thumb\"><a href=\"https:\/\/sogodesignhk.com.hk\/en\/ourportfolio\/portfolio-categories4\"><img decoding=\"async\" src=\"https:\/\/sogodesignhk.com.hk\/wp-content\/uploads\/2015\/10\/office-300x104.jpg\" class=\"attachment-medium size-medium wp-post-image\" alt=\"\" srcset=\"https:\/\/sogodesignhk.com.hk\/wp-content\/uploads\/2015\/10\/office-300x104.jpg 300w, https:\/\/sogodesignhk.com.hk\/wp-content\/uploads\/2015\/10\/office-768x267.jpg 768w, https:\/\/sogodesignhk.com.hk\/wp-content\/uploads\/2015\/10\/office-1024x356.jpg 1024w, https:\/\/sogodesignhk.com.hk\/wp-content\/uploads\/2015\/10\/office.jpg 1440w\" sizes=\"(max-width: 300px) 100vw, 300px\" \/><\/a><\/div><div class=\"post_content\"><h4><a href=\"https:\/\/sogodesignhk.com.hk\/en\/ourportfolio\/portfolio-categories4\">Office<\/a><\/h4><div class=\"post_excerpt\"><\/div><\/div><!-- .post_content  --><\/div><!-- .child_page-container --><\/div><!-- #child_page-42079\" -->\n\n<div id=\"child_page-42072\" class=\"child_page\" style=\"width:33%;max-width:100%;\"><div class=\"child_page-container\"><div class=\"post_thumb\"><a href=\"https:\/\/sogodesignhk.com.hk\/en\/ourportfolio\/portfolio-categories1\"><img decoding=\"async\" src=\"https:\/\/sogodesignhk.com.hk\/wp-content\/uploads\/2015\/10\/food-300x104.jpg\" class=\"attachment-medium size-medium wp-post-image\" alt=\"\" srcset=\"https:\/\/sogodesignhk.com.hk\/wp-content\/uploads\/2015\/10\/food-300x104.jpg 300w, https:\/\/sogodesignhk.com.hk\/wp-content\/uploads\/2015\/10\/food-768x267.jpg 768w, https:\/\/sogodesignhk.com.hk\/wp-content\/uploads\/2015\/10\/food-1024x356.jpg 1024w, https:\/\/sogodesignhk.com.hk\/wp-content\/uploads\/2015\/10\/food.jpg 1440w\" sizes=\"(max-width: 300px) 100vw, 300px\" \/><\/a><\/div><div class=\"post_content\"><h4><a href=\"https:\/\/sogodesignhk.com.hk\/en\/ourportfolio\/portfolio-categories1\">Food Service<\/a><\/h4><div class=\"post_excerpt\"><\/div><\/div><!-- .post_content  --><\/div><!-- .child_page-container --><\/div><!-- #child_page-42072\" -->\n\n<div id=\"child_page-40563\" class=\"child_page\" style=\"width:33%;max-width:100%;\"><div class=\"child_page-container\"><div class=\"post_thumb\"><a href=\"https:\/\/sogodesignhk.com.hk\/en\/ourportfolio\/furniture\"><img decoding=\"async\" src=\"https:\/\/sogodesignhk.com.hk\/wp-content\/uploads\/2016\/07\/8b00caee368f6e534f3d1a912b79bdde-2-300x104.png\" class=\"attachment-medium size-medium wp-post-image\" alt=\"\" srcset=\"https:\/\/sogodesignhk.com.hk\/wp-content\/uploads\/2016\/07\/8b00caee368f6e534f3d1a912b79bdde-2-300x104.png 300w, https:\/\/sogodesignhk.com.hk\/wp-content\/uploads\/2016\/07\/8b00caee368f6e534f3d1a912b79bdde-2-768x267.png 768w, https:\/\/sogodesignhk.com.hk\/wp-content\/uploads\/2016\/07\/8b00caee368f6e534f3d1a912b79bdde-2-1024x356.png 1024w, https:\/\/sogodesignhk.com.hk\/wp-content\/uploads\/2016\/07\/8b00caee368f6e534f3d1a912b79bdde-2.png 1440w\" sizes=\"(max-width: 300px) 100vw, 300px\" \/><\/a><\/div><div class=\"post_content\"><h4><a href=\"https:\/\/sogodesignhk.com.hk\/en\/ourportfolio\/furniture\">Furniture<\/a><\/h4><div class=\"post_excerpt\"><\/div><\/div><!-- .post_content  --><\/div><!-- .child_page-container --><\/div><!-- #child_page-40563\" -->\n\n<div id=\"child_page-38009\" class=\"child_page\" style=\"width:33%;max-width:100%;\"><div class=\"child_page-container\"><div class=\"post_thumb\"><a href=\"https:\/\/sogodesignhk.com.hk\/en\/ourportfolio\/portfolio-categories9\"><img decoding=\"async\" src=\"https:\/\/sogodesignhk.com.hk\/wp-content\/uploads\/2016\/07\/8b00caee368f6e534f3d1a912b79bdde-2-300x104.png\" class=\"attachment-medium size-medium wp-post-image\" alt=\"\" srcset=\"https:\/\/sogodesignhk.com.hk\/wp-content\/uploads\/2016\/07\/8b00caee368f6e534f3d1a912b79bdde-2-300x104.png 300w, https:\/\/sogodesignhk.com.hk\/wp-content\/uploads\/2016\/07\/8b00caee368f6e534f3d1a912b79bdde-2-768x267.png 768w, https:\/\/sogodesignhk.com.hk\/wp-content\/uploads\/2016\/07\/8b00caee368f6e534f3d1a912b79bdde-2-1024x356.png 1024w, https:\/\/sogodesignhk.com.hk\/wp-content\/uploads\/2016\/07\/8b00caee368f6e534f3d1a912b79bdde-2.png 1440w\" sizes=\"(max-width: 300px) 100vw, 300px\" \/><\/a><\/div><div class=\"post_content\"><h4><a href=\"https:\/\/sogodesignhk.com.hk\/en\/ourportfolio\/portfolio-categories9\">Others<\/a><\/h4><div class=\"post_excerpt\"><\/div><\/div><!-- .post_content  --><\/div><!-- .child_page-container --><\/div><!-- #child_page-38009\" -->\n\n<div id=\"child_page-42041\" class=\"child_page\" style=\"width:33%;max-width:100%;\"><div class=\"child_page-container\"><div class=\"post_thumb\"><a href=\"https:\/\/sogodesignhk.com.hk\/en\/ourportfolio\/results-list\"><img decoding=\"async\" src=\"https:\/\/sogodesignhk.com.hk\/wp-content\/uploads\/2016\/07\/8b00caee368f6e534f3d1a912b79bdde-2-300x104.png\" class=\"attachment-medium size-medium wp-post-image\" alt=\"\" srcset=\"https:\/\/sogodesignhk.com.hk\/wp-content\/uploads\/2016\/07\/8b00caee368f6e534f3d1a912b79bdde-2-300x104.png 300w, https:\/\/sogodesignhk.com.hk\/wp-content\/uploads\/2016\/07\/8b00caee368f6e534f3d1a912b79bdde-2-768x267.png 768w, https:\/\/sogodesignhk.com.hk\/wp-content\/uploads\/2016\/07\/8b00caee368f6e534f3d1a912b79bdde-2-1024x356.png 1024w, https:\/\/sogodesignhk.com.hk\/wp-content\/uploads\/2016\/07\/8b00caee368f6e534f3d1a912b79bdde-2.png 1440w\" sizes=\"(max-width: 300px) 100vw, 300px\" \/><\/a><\/div><div class=\"post_content\"><h4><a href=\"https:\/\/sogodesignhk.com.hk\/en\/ourportfolio\/results-list\">List of Projects<\/a><\/h4><div class=\"post_excerpt\"><\/div><\/div><!-- .post_content  --><\/div><!-- .child_page-container --><\/div><!-- #child_page-42041\" -->\n<\/div>\n","protected":false},"excerpt":{"rendered":"<p>2018 Construction Work Fashion &amp; Goods Chuu &#8211; Shibuya 109 \/ Harbour City, TST Food &amp; Caf\u00e9 Hana-Musubi &#8211; MTR Kiosk, Kwun Tong Food &amp; Caf\u00e9 Hana-Musubi &#8211; Skyline Tower, Kowloon Bay Food &amp; Caf\u00e9 Hana-Musubi &#8211; Life@KCC, Kwai Chung Food &amp; Caf\u00e9 Hana-Musubi &#8211; MTR Kiosk, Hung Hom Fashion &amp; Goods RANDA &#8211; Telford&hellip;<\/p>\n","protected":false},"author":14,"featured_media":0,"parent":0,"menu_order":10,"comment_status":"closed","ping_status":"closed","template":"","meta":{"footnotes":""},"class_list":["post-40298","page","type-page","status-publish","hentry","description-off"],"_links":{"self":[{"href":"https:\/\/sogodesignhk.com.hk\/en\/wp-json\/wp\/v2\/pages\/40298","targetHints":{"allow":["GET"]}}],"collection":[{"href":"https:\/\/sogodesignhk.com.hk\/en\/wp-json\/wp\/v2\/pages"}],"about":[{"href":"https:\/\/sogodesignhk.com.hk\/en\/wp-json\/wp\/v2\/types\/page"}],"author":[{"embeddable":true,"href":"https:\/\/sogodesignhk.com.hk\/en\/wp-json\/wp\/v2\/users\/14"}],"replies":[{"embeddable":true,"href":"https:\/\/sogodesignhk.com.hk\/en\/wp-json\/wp\/v2\/comments?post=40298"}],"version-history":[{"count":8,"href":"https:\/\/sogodesignhk.com.hk\/en\/wp-json\/wp\/v2\/pages\/40298\/revisions"}],"predecessor-version":[{"id":42947,"href":"https:\/\/sogodesignhk.com.hk\/en\/wp-json\/wp\/v2\/pages\/40298\/revisions\/42947"}],"wp:attachment":[{"href":"https:\/\/sogodesignhk.com.hk\/en\/wp-json\/wp\/v2\/media?parent=40298"}],"curies":[{"name":"wp","href":"https:\/\/api.w.org\/{rel}","templated":true}]}}