{"id":42041,"date":"2016-07-21T17:48:49","date_gmt":"2016-07-21T09:48:49","guid":{"rendered":"http:\/\/sogodesignhk.com.hk\/en\/guidance-of-results\/results-list"},"modified":"2018-10-16T11:16:22","modified_gmt":"2018-10-16T03:16:22","slug":"results-list","status":"publish","type":"page","link":"https:\/\/sogodesignhk.com.hk\/en\/ourportfolio\/results-list","title":{"rendered":"List of Projects"},"content":{"rendered":"<h3>2018<\/h3>\n<table style=\"width: 702px; height: 189px;\">\n<tbody>\n<tr style=\"height: 21px;\">\n<td style=\"width: 168.667px; height: 21px;\">Construction Work<\/td>\n<td style=\"width: 170px; height: 21px;\">Fashion &amp; Goods<\/td>\n<td style=\"width: 342px; height: 21px;\">Chuu &#8211; Shibuya 109 \/ Harbour City, TST<\/td>\n<\/tr>\n<tr style=\"height: 21px;\">\n<td style=\"width: 168.667px; height: 21px;\"><\/td>\n<td style=\"width: 170px; height: 21px;\">Food &amp; Caf\u00e9<\/td>\n<td style=\"width: 342px; height: 21px;\">Hana-Musubi &#8211; MTR Kiosk, Kwun Tong<\/td>\n<\/tr>\n<tr style=\"height: 21px;\">\n<td style=\"width: 168.667px; height: 21px;\"><\/td>\n<td style=\"width: 170px; height: 21px;\">Food &amp; Caf\u00e9<\/td>\n<td style=\"width: 342px; height: 21px;\">Hana-Musubi &#8211; Skyline Tower, Kowloon Bay<\/td>\n<\/tr>\n<tr style=\"height: 21px;\">\n<td style=\"width: 168.667px; height: 21px;\"><\/td>\n<td style=\"width: 170px; height: 21px;\">Food &amp; Caf\u00e9<\/td>\n<td style=\"width: 342px; height: 21px;\">Hana-Musubi &#8211; Life@KCC, Kwai Chung<\/td>\n<\/tr>\n<tr style=\"height: 21px;\">\n<td style=\"width: 168.667px; height: 21px;\"><\/td>\n<td style=\"width: 170px; height: 21px;\">Food &amp; Caf\u00e9<\/td>\n<td style=\"width: 342px; height: 21px;\">Hana-Musubi &#8211; MTR Kiosk, Hung Hom<\/td>\n<\/tr>\n<tr style=\"height: 21px;\">\n<td style=\"width: 168.667px; height: 21px;\"><\/td>\n<td style=\"width: 170px; height: 21px;\">Fashion &amp; Goods<\/td>\n<td style=\"width: 342px; height: 21px;\">RANDA &#8211; Telford Plaza, Kowloon Bay<\/td>\n<\/tr>\n<tr style=\"height: 21px;\">\n<td style=\"width: 168.667px; height: 21px;\"><\/td>\n<td style=\"width: 170px; height: 21px;\">Food &amp; Caf\u00e9<\/td>\n<td style=\"width: 342px; height: 21px;\">Hana-Musubi &#8211; MTR Kiosk, Yuen Long<\/td>\n<\/tr>\n<tr style=\"height: 21px;\">\n<td style=\"width: 168.667px; height: 21px;\"><\/td>\n<td style=\"width: 170px; height: 21px;\">Food &amp; Caf\u00e9<\/td>\n<td style=\"width: 342px; height: 21px;\">Hana-Musubi &#8211; Amoy Plaza, Kowloon Bay<\/td>\n<\/tr>\n<tr style=\"height: 21px;\">\n<td style=\"width: 168.667px; height: 21px;\"><\/td>\n<td style=\"width: 170px; height: 21px;\">Fashion &amp; Goods<\/td>\n<td style=\"width: 342px; height: 21px;\">CONOMi &#8211; Shibuya 109 \/ Harbour City, TST<\/td>\n<\/tr>\n<\/tbody>\n<\/table>\n<p>&nbsp;<\/p>\n<h3>2017<\/h3>\n<table style=\"width: 702px;\">\n<tbody>\n<tr>\n<td style=\"width: 169.333px;\">Construction Work<\/td>\n<td style=\"width: 170px;\">Fashion &amp; Goods<\/td>\n<td style=\"width: 341.333px;\">RANDA &#8211; Shibuya 109 \/ Harbour City, TST<\/td>\n<\/tr>\n<tr style=\"height: 21px;\">\n<td style=\"width: 169.333px; height: 21px;\"><\/td>\n<td style=\"width: 170px; height: 21px;\">Food &amp; Caf\u00e9<\/td>\n<td style=\"width: 341.333px; height: 21px;\">Hana-Musubi &#8211; CDW Building, Tsuen Wan<\/td>\n<\/tr>\n<tr style=\"height: 21px;\">\n<td style=\"width: 169.333px; height: 21px;\"><\/td>\n<td style=\"width: 170px; height: 21px;\">Food &amp; Caf\u00e9<\/td>\n<td style=\"width: 341.333px; height: 21px;\">Hana-Musubi &#8211; Admiralty Centre, Admiralty<\/td>\n<\/tr>\n<tr style=\"height: 21px;\">\n<td style=\"width: 169.333px; height: 21px;\"><\/td>\n<td style=\"width: 170px; height: 21px;\">Food &amp; Caf\u00e9<\/td>\n<td style=\"width: 341.333px; height: 21px;\">Juchheim &#8211; Sogo Department, CWB<\/td>\n<\/tr>\n<tr style=\"height: 21px;\">\n<td style=\"width: 169.333px; height: 21px;\"><\/td>\n<td style=\"width: 170px; height: 21px;\">Food &amp; Caf\u00e9<\/td>\n<td style=\"width: 341.333px; height: 21px;\">Hana-Musubi &#8211; MTR Kiosk, Hang Hau<\/td>\n<\/tr>\n<tr style=\"height: 21px;\">\n<td style=\"width: 169.333px; height: 21px;\"><\/td>\n<td style=\"width: 170px; height: 21px;\">Food &amp; Caf\u00e9<\/td>\n<td style=\"width: 341.333px; height: 21px;\">Hana-Musubi &#8211; MTR Kiosk, Tai Wai<\/td>\n<\/tr>\n<tr style=\"height: 21px;\">\n<td style=\"width: 169.333px; height: 21px;\"><\/td>\n<td style=\"width: 170px; height: 21px;\">Food &amp; Caf\u00e9<\/td>\n<td style=\"width: 341.333px; height: 21px;\">Italian Tomato &#8211; Metroplaza, Kwai Fong<\/td>\n<\/tr>\n<\/tbody>\n<\/table>\n<p>&nbsp;<\/p>\n<h3>2016<\/h3>\n<table style=\"width: 702px; height: 190px;\">\n<tbody>\n<tr style=\"height: 21px;\">\n<td style=\"width: 168.667px; height: 21px;\">Construction Work<\/td>\n<td style=\"width: 168.667px; height: 21px;\">Jewelry<\/td>\n<td style=\"width: 343.333px; height: 21px;\">MIKIMOTO &#8211; Heritage 1881, TST<\/td>\n<\/tr>\n<tr style=\"height: 21px;\">\n<td style=\"width: 168.667px; height: 21px;\"><\/td>\n<td style=\"width: 168.667px; height: 21px;\">Bag<\/td>\n<td style=\"width: 343.333px; height: 21px;\">Brand Off &#8211; APM, Kwun Tong<\/td>\n<\/tr>\n<tr style=\"height: 21px;\">\n<td style=\"width: 168.667px; height: 21px;\"><\/td>\n<td style=\"width: 168.667px; height: 21px;\">Bag<\/td>\n<td style=\"width: 343.333px; height: 21px;\">Brand Off &#8211; Holiday Inn, TST<\/td>\n<\/tr>\n<tr style=\"height: 21px;\">\n<td style=\"width: 168.667px; height: 21px;\"><\/td>\n<td style=\"width: 168.667px; height: 21px;\">Bag<\/td>\n<td style=\"width: 343.333px; height: 21px;\">Brand Off &#8211; No.15 Wellington St , Central<\/td>\n<\/tr>\n<tr style=\"height: 43px;\">\n<td style=\"width: 168.667px; height: 43px;\"><\/td>\n<td style=\"width: 168.667px; height: 43px;\">Fashion &amp; Goods<\/td>\n<td style=\"width: 343.333px; height: 43px;\">Samantha Thavasa \u2013 Shop no.2504 Harbour City, TST<\/td>\n<\/tr>\n<tr style=\"height: 21px;\">\n<td style=\"width: 168.667px; height: 21px;\"><\/td>\n<td style=\"width: 168.667px; height: 21px;\">Food &amp; Caf\u00e9<\/td>\n<td style=\"width: 343.333px; height: 21px;\">Hana-Musubi &#8211; iSquare, TST<\/td>\n<\/tr>\n<tr style=\"height: 21px;\">\n<td style=\"width: 168.667px; height: 21px;\"><\/td>\n<td style=\"width: 168.667px; height: 21px;\">Food &amp; Caf\u00e9<\/td>\n<td style=\"width: 343.333px; height: 21px;\">Yumemiya &#8211; iSquare, TST<\/td>\n<\/tr>\n<tr style=\"height: 21px;\">\n<td style=\"width: 168.667px; height: 21px;\"><\/td>\n<td style=\"width: 168.667px; height: 21px;\">Food &amp; Caf\u00e9<\/td>\n<td style=\"width: 343.333px; height: 21px;\">Hana-Musubi &#8211; MTR Kiosk, TKO<\/td>\n<\/tr>\n<\/tbody>\n<\/table>\n<p>&nbsp;<\/p>\n<h3>2015<\/h3>\n<table style=\"width: 772px;\">\n<tbody>\n<tr>\n<td style=\"width: 170px;\">Construction Work<\/td>\n<td style=\"width: 170px;\">Fashion &amp; Bag<\/td>\n<td style=\"width: 412px;\">Shibuya 109 &#8211; Harbour City, TST<\/td>\n<\/tr>\n<tr>\n<td style=\"width: 170px;\"><\/td>\n<td style=\"width: 170px;\">Bag<\/td>\n<td style=\"width: 412px;\">Samantha Thavasa \u2013 Shibuya 109 \/Harbour City, TST<\/td>\n<\/tr>\n<tr>\n<td style=\"width: 170px;\"><\/td>\n<td style=\"width: 170px;\">Fashion &amp; Goods<\/td>\n<td style=\"width: 412px;\">Rady \u2013 Shibuya 109 \/ Harbour City, TST<\/td>\n<\/tr>\n<tr>\n<td style=\"width: 170px;\"><\/td>\n<td style=\"width: 170px;\">Fashion &amp; Goods<\/td>\n<td style=\"width: 412px;\">RADYAZEL \u2013 Shibuya 109 \/ Harbour City, TST<\/td>\n<\/tr>\n<tr>\n<td style=\"width: 170px;\"><\/td>\n<td style=\"width: 170px;\">Fashion &amp; Goods<\/td>\n<td style=\"width: 412px;\">MLR \u2013 Shibuya 109 \/ Harbour City, TST<\/td>\n<\/tr>\n<tr>\n<td style=\"width: 170px;\"><\/td>\n<td style=\"width: 170px;\">Fashion &amp; Goods<\/td>\n<td style=\"width: 412px;\">Secret Honey &#8211; Shibuya 109 \/ Harbour City , TST<\/td>\n<\/tr>\n<tr>\n<td style=\"width: 170px;\"><\/td>\n<td style=\"width: 170px;\">Fashion &amp; Goods<\/td>\n<td style=\"width: 412px;\">109 Stage &#8211; Shibuya 109 \/ Harbour City , TST<\/td>\n<\/tr>\n<tr>\n<td style=\"width: 170px;\"><\/td>\n<td style=\"width: 170px;\">Goods<\/td>\n<td style=\"width: 412px;\">Donguri Republic &#8211; Times Square, CWB<\/td>\n<\/tr>\n<tr>\n<td style=\"width: 170px;\"><\/td>\n<td style=\"width: 170px;\">Food<\/td>\n<td style=\"width: 412px;\">Hana-Musubi \u2012 One Bay East, Kwun Tong<\/td>\n<\/tr>\n<tr>\n<td style=\"width: 170px;\"><\/td>\n<td style=\"width: 170px;\">Food<\/td>\n<td style=\"width: 412px;\">Hana-Musubi \u2012 Millennium Tower 1, Kwun Tong<\/td>\n<\/tr>\n<tr>\n<td style=\"width: 170px;\"><\/td>\n<td style=\"width: 170px;\">Food<\/td>\n<td style=\"width: 412px;\">Hana-Musubi \u2012 MTR Tai Koo Station, Tai Koo<\/td>\n<\/tr>\n<tr>\n<td style=\"width: 170px;\"><\/td>\n<td style=\"width: 170px;\">Fashion &amp; Goods<\/td>\n<td style=\"width: 412px;\">Collect point &#8211; Yoho Town , Yuen Long<\/td>\n<\/tr>\n<tr>\n<td style=\"width: 170px;\"><\/td>\n<td style=\"width: 170px;\">Fashion &amp; Goods<\/td>\n<td style=\"width: 412px;\">Samantha Thavasa \u2013 Shop no. 2208 Harbour City, TST<\/td>\n<\/tr>\n<tr>\n<td style=\"width: 170px;\"><\/td>\n<td style=\"width: 170px;\">Fashion &amp; Goods<\/td>\n<td style=\"width: 412px;\">Samantha Thavasa Show Window \u2013SOGO Dept. Store,CWB<\/td>\n<\/tr>\n<tr>\n<td style=\"width: 170px;\"><\/td>\n<td style=\"width: 170px;\">Office<\/td>\n<td style=\"width: 412px;\">UNIQLO Office &#8211; TST<\/td>\n<\/tr>\n<tr>\n<td style=\"width: 170px;\"><\/td>\n<td style=\"width: 170px;\">Golf Wear &amp; Goods<\/td>\n<td style=\"width: 412px;\">Adabat \u2013 SOGO Dept. Store, CWB<\/td>\n<\/tr>\n<tr>\n<td style=\"width: 170px;\">Drawing<\/td>\n<td style=\"width: 170px;\">Other<\/td>\n<td style=\"width: 412px;\">Wu Residence &#8211; Pu Dong , Shanghai<\/td>\n<\/tr>\n<tr>\n<td style=\"width: 170px;\">Design &amp; Drawing<\/td>\n<td style=\"width: 170px;\">Food &amp; Caf\u00e9<\/td>\n<td style=\"width: 412px;\">Italian Tomato Caf\u00e9 &#8211; Chung Fu Plaza , Tin Shui Wai<\/td>\n<\/tr>\n<tr>\n<td style=\"width: 170px;\"><\/td>\n<td style=\"width: 170px;\">Food &amp; Caf\u00e9<\/td>\n<td style=\"width: 412px;\">Yumemiya \u2012 Discovery Park, Tsuen Wan<\/td>\n<\/tr>\n<tr>\n<td style=\"width: 170px;\">Support<\/td>\n<td style=\"width: 170px;\">Fashion &amp;Bag<\/td>\n<td style=\"width: 412px;\">Shibuya 109 &#8211; Harbour City, TST<\/td>\n<\/tr>\n<\/tbody>\n<\/table>\n<p>&nbsp;<\/p>\n<h3>2014<\/h3>\n<table>\n<tbody>\n<tr>\n<td width=\"170\">Construction Work<\/td>\n<td width=\"170\">Bag<\/td>\n<td>Brand Off &#8211; EPC, Tseung Kwan O<\/td>\n<\/tr>\n<tr>\n<td><\/td>\n<td>Bag<\/td>\n<td>Brand Off &#8211; Star House , TST<\/td>\n<\/tr>\n<tr>\n<td><\/td>\n<td>Bag<\/td>\n<td>Brand Off \u2013 Peking Road, TST<\/td>\n<\/tr>\n<tr>\n<td><\/td>\n<td>Bag<\/td>\n<td>Brand Off &#8211; Holiday Inn , TST<\/td>\n<\/tr>\n<tr>\n<td><\/td>\n<td>Bag<\/td>\n<td>Brand Off \u2013 MIKIKI, San Po Kong<\/td>\n<\/tr>\n<tr>\n<td><\/td>\n<td>Bag<\/td>\n<td>Brand Off &#8211; Star House , TST<\/td>\n<\/tr>\n<tr>\n<td><\/td>\n<td>Office<\/td>\n<td>Brand Off Office, TST<\/td>\n<\/tr>\n<tr>\n<td><\/td>\n<td>Bag<\/td>\n<td>Brand Off &#8211; Olympian City, Tai Kok Tsui<\/td>\n<\/tr>\n<tr>\n<td><\/td>\n<td>Bag<\/td>\n<td>Brand Off \u2013 Landmark North, Sheung Shui<\/td>\n<\/tr>\n<tr>\n<td><\/td>\n<td>Goods<\/td>\n<td>Cruciani \u2013 Harbour City, TST<\/td>\n<\/tr>\n<tr>\n<td><\/td>\n<td>Fashion &amp; Goods<\/td>\n<td>Index \u2013 SOGO Dept. Store, CWB<\/td>\n<\/tr>\n<tr>\n<td><\/td>\n<td>Fashion &amp; Goods<\/td>\n<td>Samantha Thavasa &#8211; Times Square , CWB<\/td>\n<\/tr>\n<tr>\n<td><\/td>\n<td>Fashion &amp; Goods<\/td>\n<td>Samantha Thavasa \u2013 SOGO Dept. Store, CWB<\/td>\n<\/tr>\n<tr>\n<td><\/td>\n<td>Fashion &amp; Goods<\/td>\n<td>Samantha Thavasa \u2013 Shop no. 2612 Harbour City, TST<\/td>\n<\/tr>\n<tr>\n<td><\/td>\n<td>Fashion &amp; Goods<\/td>\n<td>Samantha Thavasa \u2013 SOGO Dept. Store, TST<\/td>\n<\/tr>\n<tr>\n<td><\/td>\n<td>Fashion &amp; Goods<\/td>\n<td>UNTITLED \u2013 SOGO Dept. Store, TST<\/td>\n<\/tr>\n<tr>\n<td><\/td>\n<td>Fashion &amp; Goods<\/td>\n<td>The Emporium &#8211; MOKO , Mong kok East<\/td>\n<\/tr>\n<tr>\n<td><\/td>\n<td>Fashion &amp; Goods<\/td>\n<td>UNIQLO \u2013 Plaza Hollywood, Diamond Hill<\/td>\n<\/tr>\n<tr>\n<td><\/td>\n<td>Office<\/td>\n<td>Theory Office, TST<\/td>\n<\/tr>\n<tr>\n<td><\/td>\n<td>Food &amp; Caf\u00e9<\/td>\n<td>Moomin Caf\u00e9 \u2013 Harbour City, TST<\/td>\n<\/tr>\n<tr>\n<td>Support \/ Drawing<\/td>\n<td>HOTEL<\/td>\n<td>STTL248 Hotel &#8211; Sha Tin<\/td>\n<\/tr>\n<\/tbody>\n<\/table>\n","protected":false},"excerpt":{"rendered":"<p>2018 Construction Work Fashion &amp; Goods Chuu &#8211; Shibuya 109 \/ Harbour City, TST Food &amp; Caf\u00e9 Hana-Musubi &#8211; MTR Kiosk, Kwun Tong Food &amp; Caf\u00e9 Hana-Musubi &#8211; Skyline Tower, Kowloon Bay Food &amp; Caf\u00e9 Hana-Musubi &#8211; Life@KCC, Kwai Chung Food &amp; Caf\u00e9 Hana-Musubi &#8211; MTR Kiosk, Hung Hom Fashion &amp; Goods RANDA &#8211; Telford&hellip;<\/p>\n","protected":false},"author":14,"featured_media":42004,"parent":40298,"menu_order":99,"comment_status":"closed","ping_status":"closed","template":"","meta":{"footnotes":""},"class_list":["post-42041","page","type-page","status-publish","has-post-thumbnail","hentry","description-off"],"_links":{"self":[{"href":"https:\/\/sogodesignhk.com.hk\/en\/wp-json\/wp\/v2\/pages\/42041","targetHints":{"allow":["GET"]}}],"collection":[{"href":"https:\/\/sogodesignhk.com.hk\/en\/wp-json\/wp\/v2\/pages"}],"about":[{"href":"https:\/\/sogodesignhk.com.hk\/en\/wp-json\/wp\/v2\/types\/page"}],"author":[{"embeddable":true,"href":"https:\/\/sogodesignhk.com.hk\/en\/wp-json\/wp\/v2\/users\/14"}],"replies":[{"embeddable":true,"href":"https:\/\/sogodesignhk.com.hk\/en\/wp-json\/wp\/v2\/comments?post=42041"}],"version-history":[{"count":12,"href":"https:\/\/sogodesignhk.com.hk\/en\/wp-json\/wp\/v2\/pages\/42041\/revisions"}],"predecessor-version":[{"id":43246,"href":"https:\/\/sogodesignhk.com.hk\/en\/wp-json\/wp\/v2\/pages\/42041\/revisions\/43246"}],"up":[{"embeddable":true,"href":"https:\/\/sogodesignhk.com.hk\/en\/wp-json\/wp\/v2\/pages\/40298"}],"wp:featuredmedia":[{"embeddable":true,"href":"https:\/\/sogodesignhk.com.hk\/en\/wp-json\/wp\/v2\/media\/42004"}],"wp:attachment":[{"href":"https:\/\/sogodesignhk.com.hk\/en\/wp-json\/wp\/v2\/media?parent=42041"}],"curies":[{"name":"wp","href":"https:\/\/api.w.org\/{rel}","templated":true}]}}